{"id":5,"date":"2015-12-23T20:44:04","date_gmt":"2015-12-23T20:44:04","guid":{"rendered":"http:\/\/umacasaportuguesa.pt\/2016\/?page_id=5"},"modified":"2016-11-22T10:57:55","modified_gmt":"2016-11-22T10:57:55","slug":"investir-connosco","status":"publish","type":"page","link":"http:\/\/umacasaportuguesa.pt\/2016\/?page_id=5&lang=pt_pt","title":{"rendered":"INVISTA CONNOSCO"},"content":{"rendered":"<p><span style=\"font-family: verdana, geneva, sans-serif; color: #000000;\">Quer investir em Portugal, nos seus produtos e na sua cultura?\u00a0Uma Casa Portuguesa disponibiliza v\u00e1rias ferramentas para o guiar nesse processo.\u00a0Desenvolvemos novos projetos de habita\u00e7\u00e3o ou turismo local em v\u00e1rios pontos do pa\u00eds. Crie\u00a0a sua pr\u00f3pria \u201cUma Casa Portuguesa\u201d e contribua para a valoriza\u00e7\u00e3o da cultura e produtos de Portugal!<\/span><\/p>\n<p><span style=\"font-family: verdana, geneva, sans-serif; color: #000000;\">Podemos\u00a0participar em todas as fases do projeto:<\/span><\/p>\n<ul>\n<li><span style=\"font-family: verdana, geneva, sans-serif; color: #000000;\"><strong>Procura do im<\/strong><strong>\u00f3<\/strong><strong>vel:<\/strong>\u00a0Como escolher o im\u00f3vel adequado ao seu perfil de investidor? Conte com uma pesquisa detalhada e an\u00e1lises de investimento para que encontre\u00a0a casa ideal para si.<\/span><\/li>\n<\/ul>\n<ul>\n<li><span style=\"font-family: verdana, geneva, sans-serif; color: #000000;\"><strong>Projeto de arquitetura:<\/strong>\u00a0Como definir o programa e desenhar a planta da casa? Nesta fase de desenho e planeamento, trabalharemos para projectar\u00a0a sua casa\u00a0ideal.<\/span><\/li>\n<\/ul>\n<ul>\n<li><span style=\"font-family: verdana, geneva, sans-serif; color: #000000;\"><strong>Gest<\/strong><strong>\u00e3<\/strong><strong>o da obra:<\/strong>\u00a0Aprovados os projectos t\u00e9cnicos,\u00a0faremos a gest\u00e3o da obra (aquisi\u00e7\u00e3o de materiais, licen\u00e7as, estaleiro\u00a0e coordena\u00e7\u00e3o\u00a0de\u00a0todo o pessoal de obra). Para que n\u00e3o se preocupe com nada.<\/span><\/li>\n<\/ul>\n<ul>\n<li><span style=\"font-family: verdana, geneva, sans-serif; color: #000000;\"><strong>Decora<\/strong><strong>\u00e7\u00e3<\/strong><strong>o e interiores:<\/strong> Terminada a constru\u00e7\u00e3o, trabalharemos consigo para decorar a casa\u00a0com bom gosto, adequ\u00e1-la aos usos e necessidades. Para que possa receber bem os seus primeiros\u00a0clientes.<\/span><\/li>\n<\/ul>\n<ul>\n<li><span style=\"font-family: verdana, geneva, sans-serif; color: #000000;\"><strong>Marketing, Comunica<\/strong><strong>\u00e7\u00e3<\/strong><strong>o e Manuten\u00e7\u00e3o:<\/strong> Conte tamb\u00e9m connosco para comunicar a sua casa, angariar clientes e gerir o neg\u00f3cio. Porque receber bem todos clientes implica ter a melhor equipa a gerir a sua unidade.<\/span><\/li>\n<\/ul>\n<p><span style=\"font-family: verdana, geneva, sans-serif; color: #000000;\">Conte connosco para obter grandes resultados na valoriza\u00e7\u00e3o dos seus im\u00f3veis em Portugal. Para fazer os seus clientes sentirem-se em casa!<\/span><\/p>\n","protected":false},"excerpt":{"rendered":"<p>Quer investir em Portugal, nos seus produtos e na sua cultura?\u00a0Uma Casa Portuguesa disponibiliza v\u00e1rias ferramentas para o guiar nesse processo.\u00a0Desenvolvemos novos projetos de habita\u00e7\u00e3o ou turismo local em v\u00e1rios pontos do pa\u00eds. Crie\u00a0a sua pr\u00f3pria \u201cUma Casa Portuguesa\u201d e contribua para a valoriza\u00e7\u00e3o da cultura e produtos de Portugal! Podemos\u00a0participar em todas as fases<\/p>\n<p><a href=\"http:\/\/umacasaportuguesa.pt\/2016\/?page_id=5&#038;lang=pt_pt\" class=\"more-link themebutton\">Read More<\/a><\/p>\n","protected":false},"author":1,"featured_media":0,"parent":0,"menu_order":0,"comment_status":"closed","ping_status":"closed","template":"","meta":{"footnotes":""},"language":[4],"class_list":["post-5","page","type-page","status-publish","hentry","language-pt_pt"],"_links":{"self":[{"href":"http:\/\/umacasaportuguesa.pt\/2016\/index.php?rest_route=\/wp\/v2\/pages\/5","targetHints":{"allow":["GET"]}}],"collection":[{"href":"http:\/\/umacasaportuguesa.pt\/2016\/index.php?rest_route=\/wp\/v2\/pages"}],"about":[{"href":"http:\/\/umacasaportuguesa.pt\/2016\/index.php?rest_route=\/wp\/v2\/types\/page"}],"author":[{"embeddable":true,"href":"http:\/\/umacasaportuguesa.pt\/2016\/index.php?rest_route=\/wp\/v2\/users\/1"}],"replies":[{"embeddable":true,"href":"http:\/\/umacasaportuguesa.pt\/2016\/index.php?rest_route=%2Fwp%2Fv2%2Fcomments&post=5"}],"version-history":[{"count":11,"href":"http:\/\/umacasaportuguesa.pt\/2016\/index.php?rest_route=\/wp\/v2\/pages\/5\/revisions"}],"predecessor-version":[{"id":612,"href":"http:\/\/umacasaportuguesa.pt\/2016\/index.php?rest_route=\/wp\/v2\/pages\/5\/revisions\/612"}],"wp:attachment":[{"href":"http:\/\/umacasaportuguesa.pt\/2016\/index.php?rest_route=%2Fwp%2Fv2%2Fmedia&parent=5"}],"wp:term":[{"taxonomy":"language","embeddable":true,"href":"http:\/\/umacasaportuguesa.pt\/2016\/index.php?rest_route=%2Fwp%2Fv2%2Flanguage&post=5"}],"curies":[{"name":"wp","href":"https:\/\/api.w.org\/{rel}","templated":true}]}}