{"id":5,"date":"2024-12-09T20:20:51","date_gmt":"2024-12-09T20:20:51","guid":{"rendered":"https:\/\/umacasaportuguesa.pt\/2024\/?page_id=5"},"modified":"2025-12-31T16:08:22","modified_gmt":"2025-12-31T16:08:22","slug":"5-2","status":"publish","type":"page","link":"https:\/\/umacasaportuguesa.pt\/2024\/5-2\/","title":{"rendered":""},"content":{"rendered":"\n<div class=\"wp-block-group alignwide has-global-padding is-layout-constrained wp-block-group-is-layout-constrained\" style=\"margin-top:0;margin-bottom:0\">\n<div class=\"wp-block-columns alignwide are-vertically-aligned-center is-layout-flex wp-container-core-columns-is-layout-9c22b1e3 wp-block-columns-is-layout-flex\">\n<div class=\"wp-block-column is-vertically-aligned-center is-layout-flow wp-block-column-is-layout-flow\" style=\"flex-basis:55%\">\n<figure class=\"wp-block-image size-large\"><img loading=\"lazy\" decoding=\"async\" width=\"1012\" height=\"1024\" src=\"https:\/\/umacasaportuguesa.pt\/2024\/wp-content\/uploads\/2024\/12\/versao-principal-negro-1012x1024.png\" alt=\"\" class=\"wp-image-8\" srcset=\"https:\/\/umacasaportuguesa.pt\/2024\/wp-content\/uploads\/2024\/12\/versao-principal-negro-1012x1024.png 1012w, https:\/\/umacasaportuguesa.pt\/2024\/wp-content\/uploads\/2024\/12\/versao-principal-negro-297x300.png 297w, https:\/\/umacasaportuguesa.pt\/2024\/wp-content\/uploads\/2024\/12\/versao-principal-negro-768x777.png 768w, https:\/\/umacasaportuguesa.pt\/2024\/wp-content\/uploads\/2024\/12\/versao-principal-negro.png 1470w\" sizes=\"auto, (max-width: 1012px) 100vw, 1012px\" \/><\/figure>\n<\/div>\n\n\n\n<div class=\"wp-block-column is-vertically-aligned-center is-layout-flow wp-block-column-is-layout-flow\" style=\"padding-top:var(--wp--preset--spacing--60);padding-right:var(--wp--preset--spacing--60);padding-bottom:var(--wp--preset--spacing--60);padding-left:var(--wp--preset--spacing--60)\">\n<h2 class=\"wp-block-heading has-xx-large-font-size\">2009 a 2019<\/h2>\n\n\n\n<p>reunimos o melhor de Portugal numa s\u00f3 casa. demos o melhor de n\u00f3s, o que n\u00e3o foi suficiente para durar para sempre.<\/p>\n\n\n\n<h2 class=\"wp-block-heading\">em 2025 <\/h2>\n\n\n\n<p>ganh\u00e1mos ganas e decidimos que era hora<\/p>\n\n\n\n<h2 class=\"wp-block-heading has-xx-large-font-size\">2026<\/h2>\n\n\n\n<p>Voltamos a reunir o melhor de Portugal.<br>N\u00e3o da mesma forma.<br>N\u00e3o no mesmo tempo.<br>Com mais consci\u00eancia, maturidade e um prop\u00f3sito claro.<\/p>\n\n\n\n<p>Uma Casa Portuguesa entra agora numa nova fase: um projecto de <strong>reabilita\u00e7\u00e3o urbana na regi\u00e3o Oeste<\/strong>, em desenho, ainda aberto a decis\u00f5es, materiais e parcerias.<\/p>\n\n\n\n<p>Estamos a construir com tempo.<br>E a escolher com crit\u00e9rio.<\/p>\n\n\n\n<p><em>Fiquem atentos<\/em>. <a href=\"mailto:ola@umacasaportuguesa.pt\" data-type=\"mailto\" data-id=\"mailto:ola@umacasaportuguesa.pt\">At\u00e9 j\u00e1<\/a> \u2764\ufe0f<\/p>\n<\/div>\n<\/div>\n<\/div>\n","protected":false},"excerpt":{"rendered":"<p>2009 a 2019 reunimos o melhor de Portugal numa s\u00f3 casa. demos o melhor de n\u00f3s, o que n\u00e3o foi suficiente para durar para sempre. em 2025 ganh\u00e1mos ganas e decidimos que era hora 2026 Voltamos a reunir o melhor de Portugal.N\u00e3o da mesma forma.N\u00e3o no mesmo tempo.Com mais consci\u00eancia, maturidade e um prop\u00f3sito claro. [&hellip;]<\/p>\n","protected":false},"author":1,"featured_media":8,"parent":0,"menu_order":0,"comment_status":"closed","ping_status":"closed","template":"","meta":{"footnotes":""},"class_list":["post-5","page","type-page","status-publish","has-post-thumbnail","hentry"],"_links":{"self":[{"href":"https:\/\/umacasaportuguesa.pt\/2024\/wp-json\/wp\/v2\/pages\/5","targetHints":{"allow":["GET"]}}],"collection":[{"href":"https:\/\/umacasaportuguesa.pt\/2024\/wp-json\/wp\/v2\/pages"}],"about":[{"href":"https:\/\/umacasaportuguesa.pt\/2024\/wp-json\/wp\/v2\/types\/page"}],"author":[{"embeddable":true,"href":"https:\/\/umacasaportuguesa.pt\/2024\/wp-json\/wp\/v2\/users\/1"}],"replies":[{"embeddable":true,"href":"https:\/\/umacasaportuguesa.pt\/2024\/wp-json\/wp\/v2\/comments?post=5"}],"version-history":[{"count":11,"href":"https:\/\/umacasaportuguesa.pt\/2024\/wp-json\/wp\/v2\/pages\/5\/revisions"}],"predecessor-version":[{"id":28,"href":"https:\/\/umacasaportuguesa.pt\/2024\/wp-json\/wp\/v2\/pages\/5\/revisions\/28"}],"wp:featuredmedia":[{"embeddable":true,"href":"https:\/\/umacasaportuguesa.pt\/2024\/wp-json\/wp\/v2\/media\/8"}],"wp:attachment":[{"href":"https:\/\/umacasaportuguesa.pt\/2024\/wp-json\/wp\/v2\/media?parent=5"}],"curies":[{"name":"wp","href":"https:\/\/api.w.org\/{rel}","templated":true}]}}